{"id":203,"date":"2019-10-26T10:02:06","date_gmt":"2019-10-26T13:02:06","guid":{"rendered":"http:\/\/grupoies.cnt.br\/?page_id=203"},"modified":"2019-10-29T10:45:36","modified_gmt":"2019-10-29T13:45:36","slug":"grupo-ies-hidroclean","status":"publish","type":"page","link":"https:\/\/grupoies.cnt.br\/index.php\/grupo-ies-hidroclean\/","title":{"rendered":"Grupo IES &#8211; Hidroclean"},"content":{"rendered":"\t\t<div data-elementor-type=\"wp-page\" data-elementor-id=\"203\" class=\"elementor elementor-203\">\n\t\t\t\t\t\t<section class=\"elementor-section elementor-top-section elementor-element elementor-element-f186461 elementor-section-stretched elementor-section-height-min-height elementor-section-full_width elementor-section-height-default elementor-section-items-middle\" data-id=\"f186461\" data-element_type=\"section\" data-settings=\"{&quot;stretch_section&quot;:&quot;section-stretched&quot;,&quot;background_background&quot;:&quot;classic&quot;}\">\n\t\t\t\t\t\t\t<div class=\"elementor-background-overlay\"><\/div>\n\t\t\t\t\t\t\t<div class=\"elementor-container elementor-column-gap-default\">\n\t\t\t\t\t<div class=\"elementor-column elementor-col-100 elementor-top-column elementor-element elementor-element-75749692\" data-id=\"75749692\" data-element_type=\"column\">\n\t\t\t<div class=\"elementor-widget-wrap elementor-element-populated\">\n\t\t\t\t\t\t<div class=\"elementor-element elementor-element-1efb341a elementor-widget elementor-widget-heading\" data-id=\"1efb341a\" data-element_type=\"widget\" data-widget_type=\"heading.default\">\n\t\t\t\t<div class=\"elementor-widget-container\">\n\t\t\t<h2 class=\"elementor-heading-title elementor-size-default\">grupo ies<\/h2>\t\t<\/div>\n\t\t\t\t<\/div>\n\t\t\t\t<div class=\"elementor-element elementor-element-4e1c36eb elementor-widget elementor-widget-heading\" data-id=\"4e1c36eb\" data-element_type=\"widget\" data-widget_type=\"heading.default\">\n\t\t\t\t<div class=\"elementor-widget-container\">\n\t\t\t<h3 class=\"elementor-heading-title elementor-size-default\">hidroclean - Limpeza e desinfec\u00e7\u00e3o de caixa d\u00b4\u00e1gua<\/h3>\t\t<\/div>\n\t\t\t\t<\/div>\n\t\t\t\t<div class=\"elementor-element elementor-element-2e2ed7c0 elementor-widget-divider--view-line elementor-widget elementor-widget-divider\" data-id=\"2e2ed7c0\" data-element_type=\"widget\" data-widget_type=\"divider.default\">\n\t\t\t\t<div class=\"elementor-widget-container\">\n\t\t\t\t\t<div class=\"elementor-divider\">\n\t\t\t<span class=\"elementor-divider-separator\">\n\t\t\t\t\t\t<\/span>\n\t\t<\/div>\n\t\t\t\t<\/div>\n\t\t\t\t<\/div>\n\t\t\t\t\t<\/div>\n\t\t<\/div>\n\t\t\t\t\t<\/div>\n\t\t<\/section>\n\t\t\t\t<section class=\"elementor-section elementor-top-section elementor-element elementor-element-5ca918cf elementor-section-stretched elementor-section-boxed elementor-section-height-default elementor-section-height-default\" data-id=\"5ca918cf\" data-element_type=\"section\" data-settings=\"{&quot;stretch_section&quot;:&quot;section-stretched&quot;}\">\n\t\t\t\t\t\t<div class=\"elementor-container elementor-column-gap-default\">\n\t\t\t\t\t<div class=\"elementor-column elementor-col-100 elementor-top-column elementor-element elementor-element-29a79ce0\" data-id=\"29a79ce0\" data-element_type=\"column\">\n\t\t\t<div class=\"elementor-widget-wrap elementor-element-populated\">\n\t\t\t\t\t\t<div class=\"elementor-element elementor-element-5e23516e elementor-widget elementor-widget-text-editor\" data-id=\"5e23516e\" data-element_type=\"widget\" data-widget_type=\"text-editor.default\">\n\t\t\t\t<div class=\"elementor-widget-container\">\n\t\t\t\t\t\t\t<p>A \u00e1gua que recebemos da empresa respons\u00e1vel pela distribui\u00e7\u00e3o da \u00e1gua na cidade vem tratada e pronta para o consumo, s\u00f3 que \u00e9 importante cuidar das instala\u00e7\u00f5es hidr\u00e1ulicas e lavar a caixa d\u2019\u00e1gua a cada seis meses (<strong>Lei 1893\/91 e o Decreto 20356\/94<\/strong>).<\/p><p>O caminho percorrido pela \u00e1gua at\u00e9 chegar a sua empresa atrav\u00e9s das tubula\u00e7\u00f5es p\u00fablicas \u00e9 bastante extenso, e por conta disso, a possibilidade de contamina\u00e7\u00e3o \u00e9 grande. Apesar disso,\u00a0<span class=\"text_exposed_show\">a limpeza das caixas d\u00b4\u00e1gua muitas vezes \u00e9 deixada de lado. O reservat\u00f3rio geralmente fica longe de vista e isso facilita ainda mais seu esquecimento, e \u00e9 a\u00ed que mora o perigo.<\/span><\/p><p>Segundo a Organiza\u00e7\u00e3o Mundial da Sa\u00fade (OMS), 80% das doen\u00e7as no mundo est\u00e3o relacionadas direta ou indiretamente \u00e0 qualidade da \u00e1gua. O Brasil possui uma das melhores \u00e1guas do mundo, nosso padr\u00e3o de qualidade \u00e9 alto, mas da sa\u00edda da esta\u00e7\u00e3o de tratamento at\u00e9 nossas casas o risco de contamina\u00e7\u00e3o \u00e9 grande, especialmente porque as tubula\u00e7\u00f5es s\u00e3o bem antigas. S\u00e3o nessas tubula\u00e7\u00f5es que a \u00e1gua pode carregar res\u00edduos met\u00e1licos e barro at\u00e9 os nossos reservat\u00f3rios, e tudo isso \u00e9 capaz de causar graves infec\u00e7\u00f5es intestinais.<\/p><p><strong>No dia anterior a limpeza e desinfec\u00e7\u00e3o da sua caixa d\u00b4\u00e1gua ou cisterna, adote os seguintes procedimentos:<\/strong><\/p><ol><li>Feche o registro da entrada de \u00e1gua da casa ou amarre a boia ; e<\/li><li>Armazene \u00e1gua da pr\u00f3pria caixa para usar enquanto a limpeza estiver sendo feita.<\/li><\/ol><p>Ap\u00f3s a limpeza, evite consumir a \u00e1gua por cerca de duas horas, sendo ideal, ap\u00f3s a limpeza, abrir todas as torneiras por um breve per\u00edodo e acionar as descargas nos banheiros.<\/p><p>Lembre-se de anotar a data da limpeza, mas pode ficar tranquilo, pois antes de fechar o per\u00edodo exigido por Lei, entraremos em contato para reagendar uma nova limpeza e desinfec\u00e7\u00e3o de sua caixa d\u00b4\u00e1gua ou cisterna.<\/p>\t\t\t\t\t\t<\/div>\n\t\t\t\t<\/div>\n\t\t\t\t\t<\/div>\n\t\t<\/div>\n\t\t\t\t\t<\/div>\n\t\t<\/section>\n\t\t\t\t<section class=\"elementor-section elementor-top-section elementor-element elementor-element-524702fa elementor-section-stretched elementor-section-boxed elementor-section-height-default elementor-section-height-default\" data-id=\"524702fa\" data-element_type=\"section\" data-settings=\"{&quot;stretch_section&quot;:&quot;section-stretched&quot;,&quot;background_background&quot;:&quot;classic&quot;}\">\n\t\t\t\t\t\t<div class=\"elementor-container elementor-column-gap-default\">\n\t\t\t\t\t<div class=\"elementor-column elementor-col-100 elementor-top-column elementor-element elementor-element-4187007f\" data-id=\"4187007f\" data-element_type=\"column\">\n\t\t\t<div class=\"elementor-widget-wrap elementor-element-populated\">\n\t\t\t\t\t\t<div class=\"elementor-element elementor-element-2f8596df elementor-widget elementor-widget-spacer\" data-id=\"2f8596df\" data-element_type=\"widget\" data-widget_type=\"spacer.default\">\n\t\t\t\t<div class=\"elementor-widget-container\">\n\t\t\t\t\t<div class=\"elementor-spacer\">\n\t\t\t<div class=\"elementor-spacer-inner\"><\/div>\n\t\t<\/div>\n\t\t\t\t<\/div>\n\t\t\t\t<\/div>\n\t\t\t\t<div class=\"elementor-element elementor-element-6637a73f elementor-shape-rounded elementor-grid-0 e-grid-align-center elementor-widget elementor-widget-social-icons\" data-id=\"6637a73f\" data-element_type=\"widget\" data-widget_type=\"social-icons.default\">\n\t\t\t\t<div class=\"elementor-widget-container\">\n\t\t\t\t\t<div class=\"elementor-social-icons-wrapper elementor-grid\">\n\t\t\t\t\t\t\t<span class=\"elementor-grid-item\">\n\t\t\t\t\t<a class=\"elementor-icon elementor-social-icon elementor-social-icon-facebook elementor-repeater-item-0decc0e\" target=\"_blank\">\n\t\t\t\t\t\t<span class=\"elementor-screen-only\">Facebook<\/span>\n\t\t\t\t\t\t<i class=\"fab fa-facebook\"><\/i>\t\t\t\t\t<\/a>\n\t\t\t\t<\/span>\n\t\t\t\t\t\t\t<span class=\"elementor-grid-item\">\n\t\t\t\t\t<a class=\"elementor-icon elementor-social-icon elementor-social-icon-instagram elementor-repeater-item-cf95871\" target=\"_blank\">\n\t\t\t\t\t\t<span class=\"elementor-screen-only\">Instagram<\/span>\n\t\t\t\t\t\t<i class=\"fab fa-instagram\"><\/i>\t\t\t\t\t<\/a>\n\t\t\t\t<\/span>\n\t\t\t\t\t\t\t<span class=\"elementor-grid-item\">\n\t\t\t\t\t<a class=\"elementor-icon elementor-social-icon elementor-social-icon-linkedin elementor-repeater-item-2a553f3\" target=\"_blank\">\n\t\t\t\t\t\t<span class=\"elementor-screen-only\">Linkedin<\/span>\n\t\t\t\t\t\t<i class=\"fab fa-linkedin\"><\/i>\t\t\t\t\t<\/a>\n\t\t\t\t<\/span>\n\t\t\t\t\t<\/div>\n\t\t\t\t<\/div>\n\t\t\t\t<\/div>\n\t\t\t\t<div class=\"elementor-element elementor-element-c848d4f elementor-widget elementor-widget-text-editor\" data-id=\"c848d4f\" data-element_type=\"widget\" data-widget_type=\"text-editor.default\">\n\t\t\t\t<div class=\"elementor-widget-container\">\n\t\t\t\t\t\t\t<p style=\"text-align: center;\"><span style=\"color: #ffffff;\"><a style=\"color: #ffffff;\" href=\"https:\/\/grupoies.cnt.br\/index.php\/creditos\/\">Cr\u00e9ditos<\/a> | <a style=\"color: #ffffff;\" href=\"\/politica-de-privacidade\">Pol\u00edtica de Privacidade<\/a> | <a style=\"color: #ffffff;\" href=\"\/termos-e-condicoes\">Termos e Condi\u00e7\u00f5es<\/a><\/span><\/p>\t\t\t\t\t\t<\/div>\n\t\t\t\t<\/div>\n\t\t\t\t<div class=\"elementor-element elementor-element-74ca4aab elementor-widget elementor-widget-text-editor\" data-id=\"74ca4aab\" data-element_type=\"widget\" data-widget_type=\"text-editor.default\">\n\t\t\t\t<div class=\"elementor-widget-container\">\n\t\t\t\t\t\t\t<p style=\"text-align: center;\"><span style=\"color: #ffffff;\">\u00a9Grupo IES &#8211; 2019<\/span><\/p>\t\t\t\t\t\t<\/div>\n\t\t\t\t<\/div>\n\t\t\t\t<div class=\"elementor-element elementor-element-21417c88 elementor-widget elementor-widget-spacer\" data-id=\"21417c88\" data-element_type=\"widget\" data-widget_type=\"spacer.default\">\n\t\t\t\t<div class=\"elementor-widget-container\">\n\t\t\t\t\t<div class=\"elementor-spacer\">\n\t\t\t<div class=\"elementor-spacer-inner\"><\/div>\n\t\t<\/div>\n\t\t\t\t<\/div>\n\t\t\t\t<\/div>\n\t\t\t\t\t<\/div>\n\t\t<\/div>\n\t\t\t\t\t<\/div>\n\t\t<\/section>\n\t\t\t\t<\/div>\n\t\t","protected":false},"excerpt":{"rendered":"<p>grupo ies hidroclean &#8211; Limpeza e desinfec\u00e7\u00e3o de caixa d\u00b4\u00e1gua A \u00e1gua que recebemos da empresa respons\u00e1vel pela distribui\u00e7\u00e3o da \u00e1gua na cidade vem tratada e pronta para o consumo, s\u00f3 que \u00e9 importante cuidar das instala\u00e7\u00f5es hidr\u00e1ulicas e lavar a caixa d\u2019\u00e1gua a cada seis meses (Lei 1893\/91 e o Decreto 20356\/94). O caminho [&hellip;]<\/p>\n","protected":false},"author":1,"featured_media":0,"parent":0,"menu_order":0,"comment_status":"closed","ping_status":"closed","template":"","meta":{"ocean_post_layout":"","ocean_both_sidebars_style":"","ocean_both_sidebars_content_width":0,"ocean_both_sidebars_sidebars_width":0,"ocean_sidebar":"0","ocean_second_sidebar":"0","ocean_disable_margins":"enable","ocean_add_body_class":"","ocean_shortcode_before_top_bar":"","ocean_shortcode_after_top_bar":"","ocean_shortcode_before_header":"","ocean_shortcode_after_header":"","ocean_has_shortcode":"","ocean_shortcode_after_title":"","ocean_shortcode_before_footer_widgets":"","ocean_shortcode_after_footer_widgets":"","ocean_shortcode_before_footer_bottom":"","ocean_shortcode_after_footer_bottom":"","ocean_display_top_bar":"default","ocean_display_header":"default","ocean_header_style":"","ocean_center_header_left_menu":"0","ocean_custom_header_template":"0","ocean_custom_logo":0,"ocean_custom_retina_logo":0,"ocean_custom_logo_max_width":0,"ocean_custom_logo_tablet_max_width":0,"ocean_custom_logo_mobile_max_width":0,"ocean_custom_logo_max_height":0,"ocean_custom_logo_tablet_max_height":0,"ocean_custom_logo_mobile_max_height":0,"ocean_header_custom_menu":"0","ocean_menu_typo_font_family":"0","ocean_menu_typo_font_subset":"","ocean_menu_typo_font_size":0,"ocean_menu_typo_font_size_tablet":0,"ocean_menu_typo_font_size_mobile":0,"ocean_menu_typo_font_size_unit":"px","ocean_menu_typo_font_weight":"","ocean_menu_typo_font_weight_tablet":"","ocean_menu_typo_font_weight_mobile":"","ocean_menu_typo_transform":"","ocean_menu_typo_transform_tablet":"","ocean_menu_typo_transform_mobile":"","ocean_menu_typo_line_height":0,"ocean_menu_typo_line_height_tablet":0,"ocean_menu_typo_line_height_mobile":0,"ocean_menu_typo_line_height_unit":"","ocean_menu_typo_spacing":0,"ocean_menu_typo_spacing_tablet":0,"ocean_menu_typo_spacing_mobile":0,"ocean_menu_typo_spacing_unit":"","ocean_menu_link_color":"","ocean_menu_link_color_hover":"","ocean_menu_link_color_active":"","ocean_menu_link_background":"","ocean_menu_link_hover_background":"","ocean_menu_link_active_background":"","ocean_menu_social_links_bg":"","ocean_menu_social_hover_links_bg":"","ocean_menu_social_links_color":"","ocean_menu_social_hover_links_color":"","ocean_disable_title":"on","ocean_disable_heading":"default","ocean_post_title":"","ocean_post_subheading":"","ocean_post_title_style":"","ocean_post_title_background_color":"","ocean_post_title_background":0,"ocean_post_title_bg_image_position":"","ocean_post_title_bg_image_attachment":"","ocean_post_title_bg_image_repeat":"","ocean_post_title_bg_image_size":"","ocean_post_title_height":0,"ocean_post_title_bg_overlay":0.5,"ocean_post_title_bg_overlay_color":"","ocean_disable_breadcrumbs":"default","ocean_breadcrumbs_color":"","ocean_breadcrumbs_separator_color":"","ocean_breadcrumbs_links_color":"","ocean_breadcrumbs_links_hover_color":"","ocean_display_footer_widgets":"default","ocean_display_footer_bottom":"default","ocean_custom_footer_template":"0"},"yoast_head":"<!-- This site is optimized with the Yoast SEO plugin v21.8.1 - https:\/\/yoast.com\/wordpress\/plugins\/seo\/ -->\n<title>Grupo IES - Hidroclean - Grupo IES<\/title>\n<meta name=\"robots\" content=\"index, follow, max-snippet:-1, max-image-preview:large, max-video-preview:-1\" \/>\n<link rel=\"canonical\" href=\"https:\/\/grupoies.cnt.br\/index.php\/grupo-ies-hidroclean\/\" \/>\n<meta property=\"og:locale\" content=\"pt_BR\" \/>\n<meta property=\"og:type\" content=\"article\" \/>\n<meta property=\"og:title\" content=\"Grupo IES - Hidroclean - Grupo IES\" \/>\n<meta property=\"og:description\" content=\"grupo ies hidroclean &#8211; Limpeza e desinfec\u00e7\u00e3o de caixa d\u00b4\u00e1gua A \u00e1gua que recebemos da empresa respons\u00e1vel pela distribui\u00e7\u00e3o da \u00e1gua na cidade vem tratada e pronta para o consumo, s\u00f3 que \u00e9 importante cuidar das instala\u00e7\u00f5es hidr\u00e1ulicas e lavar a caixa d\u2019\u00e1gua a cada seis meses (Lei 1893\/91 e o Decreto 20356\/94). O caminho [&hellip;]\" \/>\n<meta property=\"og:url\" content=\"https:\/\/grupoies.cnt.br\/index.php\/grupo-ies-hidroclean\/\" \/>\n<meta property=\"og:site_name\" content=\"Grupo IES\" \/>\n<meta property=\"article:publisher\" content=\"https:\/\/www.facebook.com\/grupoiescontabilidadeeconsultoria\" \/>\n<meta property=\"article:modified_time\" content=\"2019-10-29T13:45:36+00:00\" \/>\n<meta name=\"twitter:card\" content=\"summary_large_image\" \/>\n<meta name=\"twitter:label1\" content=\"Est. tempo de leitura\" \/>\n\t<meta name=\"twitter:data1\" content=\"2 minutos\" \/>\n<script type=\"application\/ld+json\" class=\"yoast-schema-graph\">{\"@context\":\"https:\/\/schema.org\",\"@graph\":[{\"@type\":\"WebPage\",\"@id\":\"https:\/\/grupoies.cnt.br\/index.php\/grupo-ies-hidroclean\/\",\"url\":\"https:\/\/grupoies.cnt.br\/index.php\/grupo-ies-hidroclean\/\",\"name\":\"Grupo IES - Hidroclean - Grupo IES\",\"isPartOf\":{\"@id\":\"https:\/\/grupoies.cnt.br\/#website\"},\"datePublished\":\"2019-10-26T13:02:06+00:00\",\"dateModified\":\"2019-10-29T13:45:36+00:00\",\"breadcrumb\":{\"@id\":\"https:\/\/grupoies.cnt.br\/index.php\/grupo-ies-hidroclean\/#breadcrumb\"},\"inLanguage\":\"pt-BR\",\"potentialAction\":[{\"@type\":\"ReadAction\",\"target\":[\"https:\/\/grupoies.cnt.br\/index.php\/grupo-ies-hidroclean\/\"]}]},{\"@type\":\"BreadcrumbList\",\"@id\":\"https:\/\/grupoies.cnt.br\/index.php\/grupo-ies-hidroclean\/#breadcrumb\",\"itemListElement\":[{\"@type\":\"ListItem\",\"position\":1,\"name\":\"In\u00edcio\",\"item\":\"https:\/\/grupoies.cnt.br\/\"},{\"@type\":\"ListItem\",\"position\":2,\"name\":\"Grupo IES &#8211; Hidroclean\"}]},{\"@type\":\"WebSite\",\"@id\":\"https:\/\/grupoies.cnt.br\/#website\",\"url\":\"https:\/\/grupoies.cnt.br\/\",\"name\":\"Grupo IES\",\"description\":\"Contabilidade e Administra\u00e7\u00e3o\",\"publisher\":{\"@id\":\"https:\/\/grupoies.cnt.br\/#organization\"},\"potentialAction\":[{\"@type\":\"SearchAction\",\"target\":{\"@type\":\"EntryPoint\",\"urlTemplate\":\"https:\/\/grupoies.cnt.br\/?s={search_term_string}\"},\"query-input\":\"required name=search_term_string\"}],\"inLanguage\":\"pt-BR\"},{\"@type\":\"Organization\",\"@id\":\"https:\/\/grupoies.cnt.br\/#organization\",\"name\":\"Grupo IES\",\"url\":\"https:\/\/grupoies.cnt.br\/\",\"logo\":{\"@type\":\"ImageObject\",\"inLanguage\":\"pt-BR\",\"@id\":\"https:\/\/grupoies.cnt.br\/#\/schema\/logo\/image\/\",\"url\":\"https:\/\/grupoies.cnt.br\/wp-content\/uploads\/2019\/10\/icone.png\",\"contentUrl\":\"https:\/\/grupoies.cnt.br\/wp-content\/uploads\/2019\/10\/icone.png\",\"width\":1100,\"height\":1100,\"caption\":\"Grupo IES\"},\"image\":{\"@id\":\"https:\/\/grupoies.cnt.br\/#\/schema\/logo\/image\/\"},\"sameAs\":[\"https:\/\/www.facebook.com\/grupoiescontabilidadeeconsultoria\",\"https:\/\/www.instagram.com\/grupoiescontabilidade\/\",\"https:\/\/www.linkedin.com\/company\/grupoiescontabilidade\"]}]}<\/script>\n<!-- \/ Yoast SEO plugin. -->","yoast_head_json":{"title":"Grupo IES - Hidroclean - Grupo IES","robots":{"index":"index","follow":"follow","max-snippet":"max-snippet:-1","max-image-preview":"max-image-preview:large","max-video-preview":"max-video-preview:-1"},"canonical":"https:\/\/grupoies.cnt.br\/index.php\/grupo-ies-hidroclean\/","og_locale":"pt_BR","og_type":"article","og_title":"Grupo IES - Hidroclean - Grupo IES","og_description":"grupo ies hidroclean &#8211; Limpeza e desinfec\u00e7\u00e3o de caixa d\u00b4\u00e1gua A \u00e1gua que recebemos da empresa respons\u00e1vel pela distribui\u00e7\u00e3o da \u00e1gua na cidade vem tratada e pronta para o consumo, s\u00f3 que \u00e9 importante cuidar das instala\u00e7\u00f5es hidr\u00e1ulicas e lavar a caixa d\u2019\u00e1gua a cada seis meses (Lei 1893\/91 e o Decreto 20356\/94). O caminho [&hellip;]","og_url":"https:\/\/grupoies.cnt.br\/index.php\/grupo-ies-hidroclean\/","og_site_name":"Grupo IES","article_publisher":"https:\/\/www.facebook.com\/grupoiescontabilidadeeconsultoria","article_modified_time":"2019-10-29T13:45:36+00:00","twitter_card":"summary_large_image","twitter_misc":{"Est. tempo de leitura":"2 minutos"},"schema":{"@context":"https:\/\/schema.org","@graph":[{"@type":"WebPage","@id":"https:\/\/grupoies.cnt.br\/index.php\/grupo-ies-hidroclean\/","url":"https:\/\/grupoies.cnt.br\/index.php\/grupo-ies-hidroclean\/","name":"Grupo IES - Hidroclean - Grupo IES","isPartOf":{"@id":"https:\/\/grupoies.cnt.br\/#website"},"datePublished":"2019-10-26T13:02:06+00:00","dateModified":"2019-10-29T13:45:36+00:00","breadcrumb":{"@id":"https:\/\/grupoies.cnt.br\/index.php\/grupo-ies-hidroclean\/#breadcrumb"},"inLanguage":"pt-BR","potentialAction":[{"@type":"ReadAction","target":["https:\/\/grupoies.cnt.br\/index.php\/grupo-ies-hidroclean\/"]}]},{"@type":"BreadcrumbList","@id":"https:\/\/grupoies.cnt.br\/index.php\/grupo-ies-hidroclean\/#breadcrumb","itemListElement":[{"@type":"ListItem","position":1,"name":"In\u00edcio","item":"https:\/\/grupoies.cnt.br\/"},{"@type":"ListItem","position":2,"name":"Grupo IES &#8211; Hidroclean"}]},{"@type":"WebSite","@id":"https:\/\/grupoies.cnt.br\/#website","url":"https:\/\/grupoies.cnt.br\/","name":"Grupo IES","description":"Contabilidade e Administra\u00e7\u00e3o","publisher":{"@id":"https:\/\/grupoies.cnt.br\/#organization"},"potentialAction":[{"@type":"SearchAction","target":{"@type":"EntryPoint","urlTemplate":"https:\/\/grupoies.cnt.br\/?s={search_term_string}"},"query-input":"required name=search_term_string"}],"inLanguage":"pt-BR"},{"@type":"Organization","@id":"https:\/\/grupoies.cnt.br\/#organization","name":"Grupo IES","url":"https:\/\/grupoies.cnt.br\/","logo":{"@type":"ImageObject","inLanguage":"pt-BR","@id":"https:\/\/grupoies.cnt.br\/#\/schema\/logo\/image\/","url":"https:\/\/grupoies.cnt.br\/wp-content\/uploads\/2019\/10\/icone.png","contentUrl":"https:\/\/grupoies.cnt.br\/wp-content\/uploads\/2019\/10\/icone.png","width":1100,"height":1100,"caption":"Grupo IES"},"image":{"@id":"https:\/\/grupoies.cnt.br\/#\/schema\/logo\/image\/"},"sameAs":["https:\/\/www.facebook.com\/grupoiescontabilidadeeconsultoria","https:\/\/www.instagram.com\/grupoiescontabilidade\/","https:\/\/www.linkedin.com\/company\/grupoiescontabilidade"]}]}},"_links":{"self":[{"href":"https:\/\/grupoies.cnt.br\/index.php\/wp-json\/wp\/v2\/pages\/203"}],"collection":[{"href":"https:\/\/grupoies.cnt.br\/index.php\/wp-json\/wp\/v2\/pages"}],"about":[{"href":"https:\/\/grupoies.cnt.br\/index.php\/wp-json\/wp\/v2\/types\/page"}],"author":[{"embeddable":true,"href":"https:\/\/grupoies.cnt.br\/index.php\/wp-json\/wp\/v2\/users\/1"}],"replies":[{"embeddable":true,"href":"https:\/\/grupoies.cnt.br\/index.php\/wp-json\/wp\/v2\/comments?post=203"}],"version-history":[{"count":10,"href":"https:\/\/grupoies.cnt.br\/index.php\/wp-json\/wp\/v2\/pages\/203\/revisions"}],"predecessor-version":[{"id":382,"href":"https:\/\/grupoies.cnt.br\/index.php\/wp-json\/wp\/v2\/pages\/203\/revisions\/382"}],"wp:attachment":[{"href":"https:\/\/grupoies.cnt.br\/index.php\/wp-json\/wp\/v2\/media?parent=203"}],"curies":[{"name":"wp","href":"https:\/\/api.w.org\/{rel}","templated":true}]}}