{"id":201,"date":"2019-10-26T10:01:44","date_gmt":"2019-10-26T13:01:44","guid":{"rendered":"http:\/\/grupoies.cnt.br\/?page_id=201"},"modified":"2019-10-29T10:00:46","modified_gmt":"2019-10-29T13:00:46","slug":"grupo-ies-facilities","status":"publish","type":"page","link":"https:\/\/grupoies.cnt.br\/index.php\/grupo-ies-facilities\/","title":{"rendered":"Grupo IES &#8211; Facilities"},"content":{"rendered":"\t\t<div data-elementor-type=\"wp-page\" data-elementor-id=\"201\" class=\"elementor elementor-201\">\n\t\t\t\t\t\t<section class=\"elementor-section elementor-top-section elementor-element elementor-element-2bc8f005 elementor-section-stretched elementor-section-height-min-height elementor-section-boxed elementor-section-height-default elementor-section-items-middle\" data-id=\"2bc8f005\" data-element_type=\"section\" data-settings=\"{&quot;stretch_section&quot;:&quot;section-stretched&quot;,&quot;background_background&quot;:&quot;classic&quot;}\">\n\t\t\t\t\t\t\t<div class=\"elementor-background-overlay\"><\/div>\n\t\t\t\t\t\t\t<div class=\"elementor-container elementor-column-gap-default\">\n\t\t\t\t\t<div class=\"elementor-column elementor-col-100 elementor-top-column elementor-element elementor-element-27a869ca\" data-id=\"27a869ca\" data-element_type=\"column\">\n\t\t\t<div class=\"elementor-widget-wrap elementor-element-populated\">\n\t\t\t\t\t\t<div class=\"elementor-element elementor-element-1a1a7546 elementor-widget elementor-widget-heading\" data-id=\"1a1a7546\" data-element_type=\"widget\" data-widget_type=\"heading.default\">\n\t\t\t\t<div class=\"elementor-widget-container\">\n\t\t\t<h2 class=\"elementor-heading-title elementor-size-default\">grupo ies<\/h2>\t\t<\/div>\n\t\t\t\t<\/div>\n\t\t\t\t<div class=\"elementor-element elementor-element-36b9cc0a elementor-widget elementor-widget-heading\" data-id=\"36b9cc0a\" data-element_type=\"widget\" data-widget_type=\"heading.default\">\n\t\t\t\t<div class=\"elementor-widget-container\">\n\t\t\t<h3 class=\"elementor-heading-title elementor-size-default\">Facilities<\/h3>\t\t<\/div>\n\t\t\t\t<\/div>\n\t\t\t\t<div class=\"elementor-element elementor-element-1aa33d9f elementor-widget-divider--view-line elementor-widget elementor-widget-divider\" data-id=\"1aa33d9f\" data-element_type=\"widget\" data-widget_type=\"divider.default\">\n\t\t\t\t<div class=\"elementor-widget-container\">\n\t\t\t\t\t<div class=\"elementor-divider\">\n\t\t\t<span class=\"elementor-divider-separator\">\n\t\t\t\t\t\t<\/span>\n\t\t<\/div>\n\t\t\t\t<\/div>\n\t\t\t\t<\/div>\n\t\t\t\t\t<\/div>\n\t\t<\/div>\n\t\t\t\t\t<\/div>\n\t\t<\/section>\n\t\t\t\t<section class=\"elementor-section elementor-top-section elementor-element elementor-element-79dcccc5 elementor-section-stretched elementor-section-boxed elementor-section-height-default elementor-section-height-default\" data-id=\"79dcccc5\" data-element_type=\"section\" data-settings=\"{&quot;stretch_section&quot;:&quot;section-stretched&quot;}\">\n\t\t\t\t\t\t<div class=\"elementor-container elementor-column-gap-default\">\n\t\t\t\t\t<div class=\"elementor-column elementor-col-100 elementor-top-column elementor-element elementor-element-1ef8121b\" data-id=\"1ef8121b\" data-element_type=\"column\">\n\t\t\t<div class=\"elementor-widget-wrap elementor-element-populated\">\n\t\t\t\t\t\t<div class=\"elementor-element elementor-element-70c3c99e elementor-widget elementor-widget-text-editor\" data-id=\"70c3c99e\" data-element_type=\"widget\" data-widget_type=\"text-editor.default\">\n\t\t\t\t<div class=\"elementor-widget-container\">\n\t\t\t\t\t\t\t<p>Voc\u00ea j\u00e1 se perguntou quem cuida da limpeza da sala na Empresa X? Ou quem garante o caf\u00e9 fresquinho pela manh\u00e3 naquela mesma empresa? Essas atividades, normalmente exercidas por empresas terceiras, s\u00e3o conhecidas como <strong>facilities<\/strong>. S\u00e3o elas que suprem <strong>demandas internas<\/strong> que n\u00e3o fazem parte da atividade fim do neg\u00f3cio.\u00a0<br \/>Em tradu\u00e7\u00e3o literal, o termo significa \u201cfacilidades\u201d e diz respeito aos servi\u00e7os de infraestrutura como limpeza, seguran\u00e7a e manuten\u00e7\u00e3o predial, por exemplo. De forma geral, ele est\u00e1 ligado a tudo aquilo que vem para facilitar os processos do dia a dia da empresa sem, necessariamente, estar ligado \u00e0 atividade-fim dela.<\/p><p>N\u00f3s temos o profissional certo para auxiliar na sua empresa.<\/p><h3><strong>Conhe\u00e7a alguns benef\u00edcios ao contratar uma empresa de facilities<\/strong><\/h3><h4><strong>Redu\u00e7\u00e3o de custos<\/strong><\/h4><p>Quer solu\u00e7\u00e3o melhor que reduzir os gastos da sua empresa? Com a contrata\u00e7\u00e3o de servi\u00e7o de facilities, a empresa terceirizada se torna a respons\u00e1vel pelos encargos tribut\u00e1rios e v\u00ednculos empregat\u00edcios dos funcion\u00e1rios.<\/p><h4><strong>Treinamento<\/strong><\/h4><p>J\u00e1 pensou em como garantir que os profissionais contratados por voc\u00ea tenham treinamento de qualidade e sejam excelentes no que fazem?<\/p><p>Ao optar por uma empresa terceirizada, voc\u00ea fica livre dessa responsabilidade e consegue focar em outras \u00e1reas da sua institui\u00e7\u00e3o ou condom\u00ednio, possibilitando melhor gerenciamento do seu neg\u00f3cio e maiores chances de conquistar clientes.<\/p><h4><strong>Otimiza\u00e7\u00e3o do tempo<\/strong><\/h4><p>Gestores, s\u00edndicos ou qualquer outro supervisor tem a responsabilidade reduzida ao repassar alguns trabalhos para os cuidados da empresa terceirizada.<\/p><p>Com menos sobrecarga de trabalho e excesso de obriga\u00e7\u00f5es, os ganhos com sa\u00fade e qualidade de vida garantem melhor aproveitamento do supervisor em sua \u00e1rea de atua\u00e7\u00e3o real.<\/p>\t\t\t\t\t\t<\/div>\n\t\t\t\t<\/div>\n\t\t\t\t\t<\/div>\n\t\t<\/div>\n\t\t\t\t\t<\/div>\n\t\t<\/section>\n\t\t\t\t<section class=\"elementor-section elementor-top-section elementor-element elementor-element-720d5970 elementor-section-stretched elementor-section-boxed elementor-section-height-default elementor-section-height-default\" data-id=\"720d5970\" data-element_type=\"section\" data-settings=\"{&quot;stretch_section&quot;:&quot;section-stretched&quot;,&quot;background_background&quot;:&quot;classic&quot;}\">\n\t\t\t\t\t\t<div class=\"elementor-container elementor-column-gap-default\">\n\t\t\t\t\t<div class=\"elementor-column elementor-col-100 elementor-top-column elementor-element elementor-element-4c11c374\" data-id=\"4c11c374\" data-element_type=\"column\">\n\t\t\t<div class=\"elementor-widget-wrap elementor-element-populated\">\n\t\t\t\t\t\t<div class=\"elementor-element elementor-element-34fa0da elementor-widget elementor-widget-spacer\" data-id=\"34fa0da\" data-element_type=\"widget\" data-widget_type=\"spacer.default\">\n\t\t\t\t<div class=\"elementor-widget-container\">\n\t\t\t\t\t<div class=\"elementor-spacer\">\n\t\t\t<div class=\"elementor-spacer-inner\"><\/div>\n\t\t<\/div>\n\t\t\t\t<\/div>\n\t\t\t\t<\/div>\n\t\t\t\t<div class=\"elementor-element elementor-element-4e214cc0 elementor-shape-rounded elementor-grid-0 e-grid-align-center elementor-widget elementor-widget-social-icons\" data-id=\"4e214cc0\" data-element_type=\"widget\" data-widget_type=\"social-icons.default\">\n\t\t\t\t<div class=\"elementor-widget-container\">\n\t\t\t\t\t<div class=\"elementor-social-icons-wrapper elementor-grid\">\n\t\t\t\t\t\t\t<span class=\"elementor-grid-item\">\n\t\t\t\t\t<a class=\"elementor-icon elementor-social-icon elementor-social-icon-facebook elementor-repeater-item-0decc0e\" target=\"_blank\">\n\t\t\t\t\t\t<span class=\"elementor-screen-only\">Facebook<\/span>\n\t\t\t\t\t\t<i class=\"fab fa-facebook\"><\/i>\t\t\t\t\t<\/a>\n\t\t\t\t<\/span>\n\t\t\t\t\t\t\t<span class=\"elementor-grid-item\">\n\t\t\t\t\t<a class=\"elementor-icon elementor-social-icon elementor-social-icon-instagram elementor-repeater-item-cf95871\" target=\"_blank\">\n\t\t\t\t\t\t<span class=\"elementor-screen-only\">Instagram<\/span>\n\t\t\t\t\t\t<i class=\"fab fa-instagram\"><\/i>\t\t\t\t\t<\/a>\n\t\t\t\t<\/span>\n\t\t\t\t\t\t\t<span class=\"elementor-grid-item\">\n\t\t\t\t\t<a class=\"elementor-icon elementor-social-icon elementor-social-icon-linkedin elementor-repeater-item-2a553f3\" target=\"_blank\">\n\t\t\t\t\t\t<span class=\"elementor-screen-only\">Linkedin<\/span>\n\t\t\t\t\t\t<i class=\"fab fa-linkedin\"><\/i>\t\t\t\t\t<\/a>\n\t\t\t\t<\/span>\n\t\t\t\t\t<\/div>\n\t\t\t\t<\/div>\n\t\t\t\t<\/div>\n\t\t\t\t<div class=\"elementor-element elementor-element-7df4e759 elementor-widget elementor-widget-text-editor\" data-id=\"7df4e759\" data-element_type=\"widget\" data-widget_type=\"text-editor.default\">\n\t\t\t\t<div class=\"elementor-widget-container\">\n\t\t\t\t\t\t\t<p style=\"text-align: center;\"><span style=\"color: #ffffff;\"><a style=\"color: #ffffff;\" href=\"https:\/\/grupoies.cnt.br\/index.php\/creditos\/\">Cr\u00e9ditos<\/a> | <a style=\"color: #ffffff;\" href=\"\/politica-de-privacidade\">Pol\u00edtica de Privacidade<\/a> | <a style=\"color: #ffffff;\" href=\"\/termos-e-condicoes\">Termos e Condi\u00e7\u00f5es<\/a><\/span><\/p>\t\t\t\t\t\t<\/div>\n\t\t\t\t<\/div>\n\t\t\t\t<div class=\"elementor-element elementor-element-12816b6e elementor-widget elementor-widget-text-editor\" data-id=\"12816b6e\" data-element_type=\"widget\" data-widget_type=\"text-editor.default\">\n\t\t\t\t<div class=\"elementor-widget-container\">\n\t\t\t\t\t\t\t<p style=\"text-align: center;\"><span style=\"color: #ffffff;\">\u00a9Grupo IES &#8211; 2019<\/span><\/p>\t\t\t\t\t\t<\/div>\n\t\t\t\t<\/div>\n\t\t\t\t<div class=\"elementor-element elementor-element-3e027d2b elementor-widget elementor-widget-spacer\" data-id=\"3e027d2b\" data-element_type=\"widget\" data-widget_type=\"spacer.default\">\n\t\t\t\t<div class=\"elementor-widget-container\">\n\t\t\t\t\t<div class=\"elementor-spacer\">\n\t\t\t<div class=\"elementor-spacer-inner\"><\/div>\n\t\t<\/div>\n\t\t\t\t<\/div>\n\t\t\t\t<\/div>\n\t\t\t\t\t<\/div>\n\t\t<\/div>\n\t\t\t\t\t<\/div>\n\t\t<\/section>\n\t\t\t\t<\/div>\n\t\t","protected":false},"excerpt":{"rendered":"<p>grupo ies Facilities Voc\u00ea j\u00e1 se perguntou quem cuida da limpeza da sala na Empresa X? Ou quem garante o caf\u00e9 fresquinho pela manh\u00e3 naquela mesma empresa? Essas atividades, normalmente exercidas por empresas terceiras, s\u00e3o conhecidas como facilities. S\u00e3o elas que suprem demandas internas que n\u00e3o fazem parte da atividade fim do neg\u00f3cio.\u00a0Em tradu\u00e7\u00e3o literal, [&hellip;]<\/p>\n","protected":false},"author":1,"featured_media":0,"parent":0,"menu_order":0,"comment_status":"closed","ping_status":"closed","template":"","meta":{"ocean_post_layout":"","ocean_both_sidebars_style":"","ocean_both_sidebars_content_width":0,"ocean_both_sidebars_sidebars_width":0,"ocean_sidebar":"0","ocean_second_sidebar":"0","ocean_disable_margins":"enable","ocean_add_body_class":"","ocean_shortcode_before_top_bar":"","ocean_shortcode_after_top_bar":"","ocean_shortcode_before_header":"","ocean_shortcode_after_header":"","ocean_has_shortcode":"","ocean_shortcode_after_title":"","ocean_shortcode_before_footer_widgets":"","ocean_shortcode_after_footer_widgets":"","ocean_shortcode_before_footer_bottom":"","ocean_shortcode_after_footer_bottom":"","ocean_display_top_bar":"default","ocean_display_header":"default","ocean_header_style":"","ocean_center_header_left_menu":"0","ocean_custom_header_template":"0","ocean_custom_logo":0,"ocean_custom_retina_logo":0,"ocean_custom_logo_max_width":0,"ocean_custom_logo_tablet_max_width":0,"ocean_custom_logo_mobile_max_width":0,"ocean_custom_logo_max_height":0,"ocean_custom_logo_tablet_max_height":0,"ocean_custom_logo_mobile_max_height":0,"ocean_header_custom_menu":"0","ocean_menu_typo_font_family":"0","ocean_menu_typo_font_subset":"","ocean_menu_typo_font_size":0,"ocean_menu_typo_font_size_tablet":0,"ocean_menu_typo_font_size_mobile":0,"ocean_menu_typo_font_size_unit":"px","ocean_menu_typo_font_weight":"","ocean_menu_typo_font_weight_tablet":"","ocean_menu_typo_font_weight_mobile":"","ocean_menu_typo_transform":"","ocean_menu_typo_transform_tablet":"","ocean_menu_typo_transform_mobile":"","ocean_menu_typo_line_height":0,"ocean_menu_typo_line_height_tablet":0,"ocean_menu_typo_line_height_mobile":0,"ocean_menu_typo_line_height_unit":"","ocean_menu_typo_spacing":0,"ocean_menu_typo_spacing_tablet":0,"ocean_menu_typo_spacing_mobile":0,"ocean_menu_typo_spacing_unit":"","ocean_menu_link_color":"","ocean_menu_link_color_hover":"","ocean_menu_link_color_active":"","ocean_menu_link_background":"","ocean_menu_link_hover_background":"","ocean_menu_link_active_background":"","ocean_menu_social_links_bg":"","ocean_menu_social_hover_links_bg":"","ocean_menu_social_links_color":"","ocean_menu_social_hover_links_color":"","ocean_disable_title":"on","ocean_disable_heading":"default","ocean_post_title":"","ocean_post_subheading":"","ocean_post_title_style":"","ocean_post_title_background_color":"","ocean_post_title_background":0,"ocean_post_title_bg_image_position":"","ocean_post_title_bg_image_attachment":"","ocean_post_title_bg_image_repeat":"","ocean_post_title_bg_image_size":"","ocean_post_title_height":0,"ocean_post_title_bg_overlay":0.5,"ocean_post_title_bg_overlay_color":"","ocean_disable_breadcrumbs":"default","ocean_breadcrumbs_color":"","ocean_breadcrumbs_separator_color":"","ocean_breadcrumbs_links_color":"","ocean_breadcrumbs_links_hover_color":"","ocean_display_footer_widgets":"default","ocean_display_footer_bottom":"default","ocean_custom_footer_template":"0"},"yoast_head":"<!-- This site is optimized with the Yoast SEO plugin v21.8.1 - https:\/\/yoast.com\/wordpress\/plugins\/seo\/ -->\n<title>Grupo IES - Facilities - Grupo IES<\/title>\n<meta name=\"robots\" content=\"index, follow, max-snippet:-1, max-image-preview:large, max-video-preview:-1\" \/>\n<link rel=\"canonical\" href=\"https:\/\/grupoies.cnt.br\/index.php\/grupo-ies-facilities\/\" \/>\n<meta property=\"og:locale\" content=\"pt_BR\" \/>\n<meta property=\"og:type\" content=\"article\" \/>\n<meta property=\"og:title\" content=\"Grupo IES - Facilities - Grupo IES\" \/>\n<meta property=\"og:description\" content=\"grupo ies Facilities Voc\u00ea j\u00e1 se perguntou quem cuida da limpeza da sala na Empresa X? Ou quem garante o caf\u00e9 fresquinho pela manh\u00e3 naquela mesma empresa? Essas atividades, normalmente exercidas por empresas terceiras, s\u00e3o conhecidas como facilities. S\u00e3o elas que suprem demandas internas que n\u00e3o fazem parte da atividade fim do neg\u00f3cio.\u00a0Em tradu\u00e7\u00e3o literal, [&hellip;]\" \/>\n<meta property=\"og:url\" content=\"https:\/\/grupoies.cnt.br\/index.php\/grupo-ies-facilities\/\" \/>\n<meta property=\"og:site_name\" content=\"Grupo IES\" \/>\n<meta property=\"article:publisher\" content=\"https:\/\/www.facebook.com\/grupoiescontabilidadeeconsultoria\" \/>\n<meta property=\"article:modified_time\" content=\"2019-10-29T13:00:46+00:00\" \/>\n<meta name=\"twitter:card\" content=\"summary_large_image\" \/>\n<meta name=\"twitter:label1\" content=\"Est. tempo de leitura\" \/>\n\t<meta name=\"twitter:data1\" content=\"2 minutos\" \/>\n<script type=\"application\/ld+json\" class=\"yoast-schema-graph\">{\"@context\":\"https:\/\/schema.org\",\"@graph\":[{\"@type\":\"WebPage\",\"@id\":\"https:\/\/grupoies.cnt.br\/index.php\/grupo-ies-facilities\/\",\"url\":\"https:\/\/grupoies.cnt.br\/index.php\/grupo-ies-facilities\/\",\"name\":\"Grupo IES - Facilities - Grupo IES\",\"isPartOf\":{\"@id\":\"https:\/\/grupoies.cnt.br\/#website\"},\"datePublished\":\"2019-10-26T13:01:44+00:00\",\"dateModified\":\"2019-10-29T13:00:46+00:00\",\"breadcrumb\":{\"@id\":\"https:\/\/grupoies.cnt.br\/index.php\/grupo-ies-facilities\/#breadcrumb\"},\"inLanguage\":\"pt-BR\",\"potentialAction\":[{\"@type\":\"ReadAction\",\"target\":[\"https:\/\/grupoies.cnt.br\/index.php\/grupo-ies-facilities\/\"]}]},{\"@type\":\"BreadcrumbList\",\"@id\":\"https:\/\/grupoies.cnt.br\/index.php\/grupo-ies-facilities\/#breadcrumb\",\"itemListElement\":[{\"@type\":\"ListItem\",\"position\":1,\"name\":\"In\u00edcio\",\"item\":\"https:\/\/grupoies.cnt.br\/\"},{\"@type\":\"ListItem\",\"position\":2,\"name\":\"Grupo IES &#8211; Facilities\"}]},{\"@type\":\"WebSite\",\"@id\":\"https:\/\/grupoies.cnt.br\/#website\",\"url\":\"https:\/\/grupoies.cnt.br\/\",\"name\":\"Grupo IES\",\"description\":\"Contabilidade e Administra\u00e7\u00e3o\",\"publisher\":{\"@id\":\"https:\/\/grupoies.cnt.br\/#organization\"},\"potentialAction\":[{\"@type\":\"SearchAction\",\"target\":{\"@type\":\"EntryPoint\",\"urlTemplate\":\"https:\/\/grupoies.cnt.br\/?s={search_term_string}\"},\"query-input\":\"required name=search_term_string\"}],\"inLanguage\":\"pt-BR\"},{\"@type\":\"Organization\",\"@id\":\"https:\/\/grupoies.cnt.br\/#organization\",\"name\":\"Grupo IES\",\"url\":\"https:\/\/grupoies.cnt.br\/\",\"logo\":{\"@type\":\"ImageObject\",\"inLanguage\":\"pt-BR\",\"@id\":\"https:\/\/grupoies.cnt.br\/#\/schema\/logo\/image\/\",\"url\":\"https:\/\/grupoies.cnt.br\/wp-content\/uploads\/2019\/10\/icone.png\",\"contentUrl\":\"https:\/\/grupoies.cnt.br\/wp-content\/uploads\/2019\/10\/icone.png\",\"width\":1100,\"height\":1100,\"caption\":\"Grupo IES\"},\"image\":{\"@id\":\"https:\/\/grupoies.cnt.br\/#\/schema\/logo\/image\/\"},\"sameAs\":[\"https:\/\/www.facebook.com\/grupoiescontabilidadeeconsultoria\",\"https:\/\/www.instagram.com\/grupoiescontabilidade\/\",\"https:\/\/www.linkedin.com\/company\/grupoiescontabilidade\"]}]}<\/script>\n<!-- \/ Yoast SEO plugin. -->","yoast_head_json":{"title":"Grupo IES - Facilities - Grupo IES","robots":{"index":"index","follow":"follow","max-snippet":"max-snippet:-1","max-image-preview":"max-image-preview:large","max-video-preview":"max-video-preview:-1"},"canonical":"https:\/\/grupoies.cnt.br\/index.php\/grupo-ies-facilities\/","og_locale":"pt_BR","og_type":"article","og_title":"Grupo IES - Facilities - Grupo IES","og_description":"grupo ies Facilities Voc\u00ea j\u00e1 se perguntou quem cuida da limpeza da sala na Empresa X? Ou quem garante o caf\u00e9 fresquinho pela manh\u00e3 naquela mesma empresa? Essas atividades, normalmente exercidas por empresas terceiras, s\u00e3o conhecidas como facilities. S\u00e3o elas que suprem demandas internas que n\u00e3o fazem parte da atividade fim do neg\u00f3cio.\u00a0Em tradu\u00e7\u00e3o literal, [&hellip;]","og_url":"https:\/\/grupoies.cnt.br\/index.php\/grupo-ies-facilities\/","og_site_name":"Grupo IES","article_publisher":"https:\/\/www.facebook.com\/grupoiescontabilidadeeconsultoria","article_modified_time":"2019-10-29T13:00:46+00:00","twitter_card":"summary_large_image","twitter_misc":{"Est. tempo de leitura":"2 minutos"},"schema":{"@context":"https:\/\/schema.org","@graph":[{"@type":"WebPage","@id":"https:\/\/grupoies.cnt.br\/index.php\/grupo-ies-facilities\/","url":"https:\/\/grupoies.cnt.br\/index.php\/grupo-ies-facilities\/","name":"Grupo IES - Facilities - Grupo IES","isPartOf":{"@id":"https:\/\/grupoies.cnt.br\/#website"},"datePublished":"2019-10-26T13:01:44+00:00","dateModified":"2019-10-29T13:00:46+00:00","breadcrumb":{"@id":"https:\/\/grupoies.cnt.br\/index.php\/grupo-ies-facilities\/#breadcrumb"},"inLanguage":"pt-BR","potentialAction":[{"@type":"ReadAction","target":["https:\/\/grupoies.cnt.br\/index.php\/grupo-ies-facilities\/"]}]},{"@type":"BreadcrumbList","@id":"https:\/\/grupoies.cnt.br\/index.php\/grupo-ies-facilities\/#breadcrumb","itemListElement":[{"@type":"ListItem","position":1,"name":"In\u00edcio","item":"https:\/\/grupoies.cnt.br\/"},{"@type":"ListItem","position":2,"name":"Grupo IES &#8211; Facilities"}]},{"@type":"WebSite","@id":"https:\/\/grupoies.cnt.br\/#website","url":"https:\/\/grupoies.cnt.br\/","name":"Grupo IES","description":"Contabilidade e Administra\u00e7\u00e3o","publisher":{"@id":"https:\/\/grupoies.cnt.br\/#organization"},"potentialAction":[{"@type":"SearchAction","target":{"@type":"EntryPoint","urlTemplate":"https:\/\/grupoies.cnt.br\/?s={search_term_string}"},"query-input":"required name=search_term_string"}],"inLanguage":"pt-BR"},{"@type":"Organization","@id":"https:\/\/grupoies.cnt.br\/#organization","name":"Grupo IES","url":"https:\/\/grupoies.cnt.br\/","logo":{"@type":"ImageObject","inLanguage":"pt-BR","@id":"https:\/\/grupoies.cnt.br\/#\/schema\/logo\/image\/","url":"https:\/\/grupoies.cnt.br\/wp-content\/uploads\/2019\/10\/icone.png","contentUrl":"https:\/\/grupoies.cnt.br\/wp-content\/uploads\/2019\/10\/icone.png","width":1100,"height":1100,"caption":"Grupo IES"},"image":{"@id":"https:\/\/grupoies.cnt.br\/#\/schema\/logo\/image\/"},"sameAs":["https:\/\/www.facebook.com\/grupoiescontabilidadeeconsultoria","https:\/\/www.instagram.com\/grupoiescontabilidade\/","https:\/\/www.linkedin.com\/company\/grupoiescontabilidade"]}]}},"_links":{"self":[{"href":"https:\/\/grupoies.cnt.br\/index.php\/wp-json\/wp\/v2\/pages\/201"}],"collection":[{"href":"https:\/\/grupoies.cnt.br\/index.php\/wp-json\/wp\/v2\/pages"}],"about":[{"href":"https:\/\/grupoies.cnt.br\/index.php\/wp-json\/wp\/v2\/types\/page"}],"author":[{"embeddable":true,"href":"https:\/\/grupoies.cnt.br\/index.php\/wp-json\/wp\/v2\/users\/1"}],"replies":[{"embeddable":true,"href":"https:\/\/grupoies.cnt.br\/index.php\/wp-json\/wp\/v2\/comments?post=201"}],"version-history":[{"count":3,"href":"https:\/\/grupoies.cnt.br\/index.php\/wp-json\/wp\/v2\/pages\/201\/revisions"}],"predecessor-version":[{"id":369,"href":"https:\/\/grupoies.cnt.br\/index.php\/wp-json\/wp\/v2\/pages\/201\/revisions\/369"}],"wp:attachment":[{"href":"https:\/\/grupoies.cnt.br\/index.php\/wp-json\/wp\/v2\/media?parent=201"}],"curies":[{"name":"wp","href":"https:\/\/api.w.org\/{rel}","templated":true}]}}